{"id":11,"date":"2020-09-30T15:48:11","date_gmt":"2020-09-30T13:48:11","guid":{"rendered":"http:\/\/serwer2097356.home.pl\/autoinstalator\/wordpressplugins\/?page_id=11"},"modified":"2021-01-18T00:50:18","modified_gmt":"2021-01-17T23:50:18","slug":"home","status":"publish","type":"page","link":"https:\/\/serwer2097356.home.pl\/autoinstalator\/wordpressplugins\/","title":{"rendered":"Home"},"content":{"rendered":"\t\t<div data-elementor-type=\"wp-page\" data-elementor-id=\"11\" class=\"elementor elementor-11\">\n\t\t\t\t\t\t<section class=\"elementor-section elementor-top-section elementor-element elementor-element-dd4c02d elementor-section-boxed elementor-section-height-default elementor-section-height-default\" data-id=\"dd4c02d\" data-element_type=\"section\" data-e-type=\"section\">\n\t\t\t\t\t\t<div class=\"elementor-container elementor-column-gap-default\">\n\t\t\t\t\t<div class=\"elementor-column elementor-col-33 elementor-top-column elementor-element elementor-element-36016b5\" data-id=\"36016b5\" data-element_type=\"column\" data-e-type=\"column\">\n\t\t\t<div class=\"elementor-widget-wrap elementor-element-populated\">\n\t\t\t\t\t\t<div class=\"elementor-element elementor-element-2893b9d elementor-widget elementor-widget-text-editor\" data-id=\"2893b9d\" data-element_type=\"widget\" data-e-type=\"widget\" data-widget_type=\"text-editor.default\">\n\t\t\t\t<div class=\"elementor-widget-container\">\n\t\t\t\t\t\t\t\t\t<h1><a href=\"http:\/\/serwer2097356.home.pl\/autoinstalator\/wordpressplugins\/?page_id=13\">O firmie<\/a><\/h1><p>Hamertex to firma z rodowodem cechowym, istnieje od 1980 roku, i jest zarejestrowana w Mazowieckiej Okr\u0119gowej Izbie Budownictwa.<\/p><p>Od 1985 r. posiadamy uprawnienia budowlane oraz referencje Polskiego Zwi\u0105zku In\u017cynier\u00f3w i Technik\u00f3w Budownictwa.<\/p>\t\t\t\t\t\t\t\t<\/div>\n\t\t\t\t<\/div>\n\t\t\t\t<div class=\"elementor-element elementor-element-9391318 elementor-widget elementor-widget-text-editor\" data-id=\"9391318\" data-element_type=\"widget\" data-e-type=\"widget\" data-widget_type=\"text-editor.default\">\n\t\t\t\t<div class=\"elementor-widget-container\">\n\t\t\t\t\t\t\t\t\t<h1>Certyfikaty<\/h1><p><a href=\"http:\/\/serwer2097356.home.pl\/autoinstalator\/wordpressplugins\/?page_id=17\"><img decoding=\"async\" class=\"alignnone wp-image-92 size-thumbnail\" src=\"http:\/\/serwer2097356.home.pl\/autoinstalator\/wordpressplugins\/wp-content\/uploads\/2020\/10\/cert1_big-150x150.jpg\" alt=\"\" width=\"150\" height=\"150\" \/><\/a><\/p>\t\t\t\t\t\t\t\t<\/div>\n\t\t\t\t<\/div>\n\t\t\t\t\t<\/div>\n\t\t<\/div>\n\t\t\t\t<div class=\"elementor-column elementor-col-33 elementor-top-column elementor-element elementor-element-1c1551e\" data-id=\"1c1551e\" data-element_type=\"column\" data-e-type=\"column\">\n\t\t\t<div class=\"elementor-widget-wrap elementor-element-populated\">\n\t\t\t\t\t\t<div class=\"elementor-element elementor-element-9aa84d5 elementor-widget elementor-widget-image\" data-id=\"9aa84d5\" data-element_type=\"widget\" data-e-type=\"widget\" data-widget_type=\"image.default\">\n\t\t\t\t<div class=\"elementor-widget-container\">\n\t\t\t\t\t\t\t\t\t\t\t\t\t\t\t<img fetchpriority=\"high\" decoding=\"async\" width=\"380\" height=\"638\" src=\"http:\/\/serwer2097356.home.pl\/autoinstalator\/wordpressplugins\/wp-content\/uploads\/2020\/11\/img_glowna.jpg\" class=\"attachment-large size-large wp-image-129\" alt=\"\" srcset=\"http:\/\/serwer2097356.home.pl\/autoinstalator\/wordpressplugins\/wp-content\/uploads\/2020\/11\/img_glowna.jpg 380w, http:\/\/serwer2097356.home.pl\/autoinstalator\/wordpressplugins\/wp-content\/uploads\/2020\/11\/img_glowna-179x300.jpg 179w, http:\/\/serwer2097356.home.pl\/autoinstalator\/wordpressplugins\/wp-content\/uploads\/2020\/11\/img_glowna-300x504.jpg 300w\" sizes=\"(max-width: 380px) 100vw, 380px\" \/>\t\t\t\t\t\t\t\t\t\t\t\t\t\t\t<\/div>\n\t\t\t\t<\/div>\n\t\t\t\t\t<\/div>\n\t\t<\/div>\n\t\t\t\t<div class=\"elementor-column elementor-col-33 elementor-top-column elementor-element elementor-element-2cc2320\" data-id=\"2cc2320\" data-element_type=\"column\" data-e-type=\"column\">\n\t\t\t<div class=\"elementor-widget-wrap elementor-element-populated\">\n\t\t\t\t\t\t<div class=\"elementor-element elementor-element-4300515 elementor-widget elementor-widget-text-editor\" data-id=\"4300515\" data-element_type=\"widget\" data-e-type=\"widget\" data-widget_type=\"text-editor.default\">\n\t\t\t\t<div class=\"elementor-widget-container\">\n\t\t\t\t\t\t\t\t\t<h1><a href=\"http:\/\/serwer2097356.home.pl\/autoinstalator\/wordpressplugins\/?page_id=21\">Us\u0142ugi<\/a><\/h1><p>Dla zaspokojenia potrzeb klienta koordynujemy roboty budowlane z robotami instalacyjnymi &#8211; roboty elektryczne, sanitarne &#8211; woda, kanalizacja i ogrzewanie domu.<\/p><p>W budowie domu stosujemy technologie nowoczesne i wykonawstwo tradycyjne.<\/p>\t\t\t\t\t\t\t\t<\/div>\n\t\t\t\t<\/div>\n\t\t\t\t<div class=\"elementor-element elementor-element-4f33be0 elementor-widget elementor-widget-text-editor\" data-id=\"4f33be0\" data-element_type=\"widget\" data-e-type=\"widget\" data-widget_type=\"text-editor.default\">\n\t\t\t\t<div class=\"elementor-widget-container\">\n\t\t\t\t\t\t\t\t\t<h1><a href=\"http:\/\/serwer2097356.home.pl\/autoinstalator\/wordpressplugins\/?page_id=27\">Kontakt<\/a><\/h1><p>HAMERTEX<\/p><p>ul. Rydla 36<br \/>01-850 Warszawa<\/p><p>tel.: <a href=\"tel:0228346929\">022 834 69 29<\/a><br \/>kom.: <a href=\"tel:48601346929\">+48 601346929<\/a><br \/>mail:<a href=\"mailto:hamertex@tlen.pl\">hamertex@tlen.pl<\/a><\/p>\t\t\t\t\t\t\t\t<\/div>\n\t\t\t\t<\/div>\n\t\t\t\t\t<\/div>\n\t\t<\/div>\n\t\t\t\t\t<\/div>\n\t\t<\/section>\n\t\t\t\t<\/div>\n\t\t","protected":false},"excerpt":{"rendered":"<p>O firmie Hamertex to firma z rodowodem cechowym, istnieje od 1980 roku, i jest zarejestrowana w Mazowieckiej Okr\u0119gowej Izbie Budownictwa. Od 1985 r. posiadamy uprawnienia budowlane oraz referencje Polskiego Zwi\u0105zku In\u017cynier\u00f3w i Technik\u00f3w Budownictwa. Certyfikaty Us\u0142ugi Dla zaspokojenia potrzeb klienta koordynujemy roboty budowlane z robotami instalacyjnymi &#8211; roboty elektryczne, sanitarne &#8211; woda, kanalizacja i ogrzewanie&#8230;<\/p>\n","protected":false},"author":2,"featured_media":0,"parent":0,"menu_order":0,"comment_status":"closed","ping_status":"closed","template":"","meta":{"footnotes":""},"class_list":["post-11","page","type-page","status-publish","hentry"],"_links":{"self":[{"href":"https:\/\/serwer2097356.home.pl\/autoinstalator\/wordpressplugins\/index.php?rest_route=\/wp\/v2\/pages\/11","targetHints":{"allow":["GET"]}}],"collection":[{"href":"https:\/\/serwer2097356.home.pl\/autoinstalator\/wordpressplugins\/index.php?rest_route=\/wp\/v2\/pages"}],"about":[{"href":"https:\/\/serwer2097356.home.pl\/autoinstalator\/wordpressplugins\/index.php?rest_route=\/wp\/v2\/types\/page"}],"author":[{"embeddable":true,"href":"https:\/\/serwer2097356.home.pl\/autoinstalator\/wordpressplugins\/index.php?rest_route=\/wp\/v2\/users\/2"}],"replies":[{"embeddable":true,"href":"https:\/\/serwer2097356.home.pl\/autoinstalator\/wordpressplugins\/index.php?rest_route=%2Fwp%2Fv2%2Fcomments&post=11"}],"version-history":[{"count":46,"href":"https:\/\/serwer2097356.home.pl\/autoinstalator\/wordpressplugins\/index.php?rest_route=\/wp\/v2\/pages\/11\/revisions"}],"predecessor-version":[{"id":392,"href":"https:\/\/serwer2097356.home.pl\/autoinstalator\/wordpressplugins\/index.php?rest_route=\/wp\/v2\/pages\/11\/revisions\/392"}],"wp:attachment":[{"href":"https:\/\/serwer2097356.home.pl\/autoinstalator\/wordpressplugins\/index.php?rest_route=%2Fwp%2Fv2%2Fmedia&parent=11"}],"curies":[{"name":"wp","href":"https:\/\/api.w.org\/{rel}","templated":true}]}}